{"id":863,"date":"2024-12-18T07:33:31","date_gmt":"2024-12-18T07:33:31","guid":{"rendered":"https:\/\/apartiwanowski.pl\/realizacje\/"},"modified":"2025-05-08T15:40:09","modified_gmt":"2025-05-08T15:40:09","slug":"projektumsetzungen","status":"publish","type":"page","link":"https:\/\/apartiwanowski.pl\/de\/projektumsetzungen\/","title":{"rendered":"Projektumsetzungen"},"content":{"rendered":"","protected":false},"excerpt":{"rendered":"","protected":false},"author":1,"featured_media":0,"parent":0,"menu_order":0,"comment_status":"closed","ping_status":"closed","template":"template-pages\/portfolio.php","meta":{"footnotes":""},"class_list":["post-863","page","type-page","status-publish","hentry"],"acf":[],"yoast_head":"<!-- This site is optimized with the Yoast SEO plugin v24.6 - https:\/\/yoast.com\/wordpress\/plugins\/seo\/ -->\n<title>Projektumsetzungen - Apart Iwanowski<\/title>\n<meta name=\"description\" content=\"Wyj\u0105tkowe realizacje, kt\u00f3re \u0142\u0105cz\u0105 styl z zyskiem. Od apartament\u00f3w na wynajem po domy wakacyjne i przestrzenie komercyjne.\" \/>\n<meta name=\"robots\" content=\"index, follow, max-snippet:-1, max-image-preview:large, max-video-preview:-1\" \/>\n<link rel=\"canonical\" href=\"https:\/\/apartiwanowski.pl\/de\/projektumsetzungen\/\" \/>\n<meta property=\"og:locale\" content=\"de_DE\" \/>\n<meta property=\"og:type\" content=\"article\" \/>\n<meta property=\"og:title\" content=\"Projektumsetzungen - Apart Iwanowski\" \/>\n<meta property=\"og:description\" content=\"Wyj\u0105tkowe realizacje, kt\u00f3re \u0142\u0105cz\u0105 styl z zyskiem. Od apartament\u00f3w na wynajem po domy wakacyjne i przestrzenie komercyjne.\" \/>\n<meta property=\"og:url\" content=\"https:\/\/apartiwanowski.pl\/de\/projektumsetzungen\/\" \/>\n<meta property=\"og:site_name\" content=\"Apart Iwanowski\" \/>\n<meta property=\"article:modified_time\" content=\"2025-05-08T15:40:09+00:00\" \/>\n<meta name=\"twitter:card\" content=\"summary_large_image\" \/>\n<script type=\"application\/ld+json\" class=\"yoast-schema-graph\">{\"@context\":\"https:\/\/schema.org\",\"@graph\":[{\"@type\":\"WebPage\",\"@id\":\"https:\/\/apartiwanowski.pl\/de\/projektumsetzungen\/\",\"url\":\"https:\/\/apartiwanowski.pl\/de\/projektumsetzungen\/\",\"name\":\"Projektumsetzungen - Apart Iwanowski\",\"isPartOf\":{\"@id\":\"https:\/\/apartiwanowski.pl\/#website\"},\"datePublished\":\"2024-12-18T07:33:31+00:00\",\"dateModified\":\"2025-05-08T15:40:09+00:00\",\"description\":\"Wyj\u0105tkowe realizacje, kt\u00f3re \u0142\u0105cz\u0105 styl z zyskiem. Od apartament\u00f3w na wynajem po domy wakacyjne i przestrzenie komercyjne.\",\"breadcrumb\":{\"@id\":\"https:\/\/apartiwanowski.pl\/de\/projektumsetzungen\/#breadcrumb\"},\"inLanguage\":\"de\",\"potentialAction\":[{\"@type\":\"ReadAction\",\"target\":[\"https:\/\/apartiwanowski.pl\/de\/projektumsetzungen\/\"]}]},{\"@type\":\"BreadcrumbList\",\"@id\":\"https:\/\/apartiwanowski.pl\/de\/projektumsetzungen\/#breadcrumb\",\"itemListElement\":[{\"@type\":\"ListItem\",\"position\":1,\"name\":\"Strona g\u0142\u00f3wna\",\"item\":\"https:\/\/apartiwanowski.pl\/de\/\"},{\"@type\":\"ListItem\",\"position\":2,\"name\":\"Projektumsetzungen\"}]},{\"@type\":\"WebSite\",\"@id\":\"https:\/\/apartiwanowski.pl\/#website\",\"url\":\"https:\/\/apartiwanowski.pl\/\",\"name\":\"Apart Iwanowski\",\"description\":\"Ka\u017cda realizacja to nowa historia sukcesu\",\"potentialAction\":[{\"@type\":\"SearchAction\",\"target\":{\"@type\":\"EntryPoint\",\"urlTemplate\":\"https:\/\/apartiwanowski.pl\/?s={search_term_string}\"},\"query-input\":{\"@type\":\"PropertyValueSpecification\",\"valueRequired\":true,\"valueName\":\"search_term_string\"}}],\"inLanguage\":\"de\"}]}<\/script>\n<!-- \/ Yoast SEO plugin. -->","yoast_head_json":{"title":"Projektumsetzungen - Apart Iwanowski","description":"Wyj\u0105tkowe realizacje, kt\u00f3re \u0142\u0105cz\u0105 styl z zyskiem. Od apartament\u00f3w na wynajem po domy wakacyjne i przestrzenie komercyjne.","robots":{"index":"index","follow":"follow","max-snippet":"max-snippet:-1","max-image-preview":"max-image-preview:large","max-video-preview":"max-video-preview:-1"},"canonical":"https:\/\/apartiwanowski.pl\/de\/projektumsetzungen\/","og_locale":"de_DE","og_type":"article","og_title":"Projektumsetzungen - Apart Iwanowski","og_description":"Wyj\u0105tkowe realizacje, kt\u00f3re \u0142\u0105cz\u0105 styl z zyskiem. Od apartament\u00f3w na wynajem po domy wakacyjne i przestrzenie komercyjne.","og_url":"https:\/\/apartiwanowski.pl\/de\/projektumsetzungen\/","og_site_name":"Apart Iwanowski","article_modified_time":"2025-05-08T15:40:09+00:00","twitter_card":"summary_large_image","schema":{"@context":"https:\/\/schema.org","@graph":[{"@type":"WebPage","@id":"https:\/\/apartiwanowski.pl\/de\/projektumsetzungen\/","url":"https:\/\/apartiwanowski.pl\/de\/projektumsetzungen\/","name":"Projektumsetzungen - Apart Iwanowski","isPartOf":{"@id":"https:\/\/apartiwanowski.pl\/#website"},"datePublished":"2024-12-18T07:33:31+00:00","dateModified":"2025-05-08T15:40:09+00:00","description":"Wyj\u0105tkowe realizacje, kt\u00f3re \u0142\u0105cz\u0105 styl z zyskiem. Od apartament\u00f3w na wynajem po domy wakacyjne i przestrzenie komercyjne.","breadcrumb":{"@id":"https:\/\/apartiwanowski.pl\/de\/projektumsetzungen\/#breadcrumb"},"inLanguage":"de","potentialAction":[{"@type":"ReadAction","target":["https:\/\/apartiwanowski.pl\/de\/projektumsetzungen\/"]}]},{"@type":"BreadcrumbList","@id":"https:\/\/apartiwanowski.pl\/de\/projektumsetzungen\/#breadcrumb","itemListElement":[{"@type":"ListItem","position":1,"name":"Strona g\u0142\u00f3wna","item":"https:\/\/apartiwanowski.pl\/de\/"},{"@type":"ListItem","position":2,"name":"Projektumsetzungen"}]},{"@type":"WebSite","@id":"https:\/\/apartiwanowski.pl\/#website","url":"https:\/\/apartiwanowski.pl\/","name":"Apart Iwanowski","description":"Ka\u017cda realizacja to nowa historia sukcesu","potentialAction":[{"@type":"SearchAction","target":{"@type":"EntryPoint","urlTemplate":"https:\/\/apartiwanowski.pl\/?s={search_term_string}"},"query-input":{"@type":"PropertyValueSpecification","valueRequired":true,"valueName":"search_term_string"}}],"inLanguage":"de"}]}},"_links":{"self":[{"href":"https:\/\/apartiwanowski.pl\/de\/wp-json\/wp\/v2\/pages\/863","targetHints":{"allow":["GET"]}}],"collection":[{"href":"https:\/\/apartiwanowski.pl\/de\/wp-json\/wp\/v2\/pages"}],"about":[{"href":"https:\/\/apartiwanowski.pl\/de\/wp-json\/wp\/v2\/types\/page"}],"author":[{"embeddable":true,"href":"https:\/\/apartiwanowski.pl\/de\/wp-json\/wp\/v2\/users\/1"}],"replies":[{"embeddable":true,"href":"https:\/\/apartiwanowski.pl\/de\/wp-json\/wp\/v2\/comments?post=863"}],"version-history":[{"count":3,"href":"https:\/\/apartiwanowski.pl\/de\/wp-json\/wp\/v2\/pages\/863\/revisions"}],"predecessor-version":[{"id":1394,"href":"https:\/\/apartiwanowski.pl\/de\/wp-json\/wp\/v2\/pages\/863\/revisions\/1394"}],"wp:attachment":[{"href":"https:\/\/apartiwanowski.pl\/de\/wp-json\/wp\/v2\/media?parent=863"}],"curies":[{"name":"wp","href":"https:\/\/api.w.org\/{rel}","templated":true}]}}