{"id":871,"date":"2024-12-12T12:59:30","date_gmt":"2024-12-12T12:59:30","guid":{"rendered":"https:\/\/apartiwanowski.pl\/polityka-prywatnosci\/"},"modified":"2025-02-26T12:41:33","modified_gmt":"2025-02-26T12:41:33","slug":"datenschutzerklarung","status":"publish","type":"page","link":"https:\/\/apartiwanowski.pl\/de\/datenschutzerklarung\/","title":{"rendered":"Datenschutzerkl\u00e4rung"},"content":{"rendered":"\n<ol class=\"wp-block-list\">\n<li>Niniejsza Polityka prywatno\u015bci, zosta\u0142a sporz\u0105dzona w celu wykazania, \u017ce dane osobowe s\u0105 przetwarzane i zabezpieczone zgodnie z wymogami prawa, dotycz\u0105cymi zasad przetwarzania i\u00a0zabezpieczenia danych, w tym z Rozporz\u0105dzeniem Parlamentu Europejskiego i Rady (UE) 2016\/679 z 27 kwietnia 2016 r. w sprawie ochrony os\u00f3b fizycznych w zwi\u0105zku z przetwarzaniem danych osobowych i w sprawie swobodnego przep\u0142ywu takich danych oraz uchylenia dyrektywy 95\/46\/WE (dalej RODO).\u00a0<\/li>\n\n\n\n<li>Administratorem Twoich danych osobowych jest Marta Iwanowski prowadz\u0105ca dzia\u0142alno\u015b\u0107 pod firm\u0105 Marta Iwanowski, ul. Szeroka 30B\/2 71-211 Szczecin NIP 8512914948, adres mailowy: kontakt@apartiwanowski.pl.<\/li>\n\n\n\n<li>Administrator przetwarza Twoje dane osobowe pozyskane od Ciebie w zwi\u0105zku z obs\u0142ug\u0105 komunikacji z u\u017cytkownikami strony internetowej\u00a0https:\/\/apartiwanowski.pl\u00a0z intencj\u0105 zawarcia b\u0105d\u017a wykonywania ju\u017c zawartej umowy.\u00a0<\/li>\n\n\n\n<li>Twoje dane s\u0105 przetwarzane na podstawie prawnie uzasadnionych interes\u00f3w Administratora, Twojej zgody (art. 6 ust. 1 lit. a) RODO), wymog\u00f3w ustawowych (art. 6 ust. 1 lit. c) RODO), wymog\u00f3w kontraktowych (art. 6 ust. 1 lit. b) RODO) w celu:\n<ul class=\"wp-block-list\">\n<li>komunikacji z u\u017cytkownikami strony internetowej\u00a0https:\/\/apartiwanowski.pl\u00a0w\u00a0intencji udzielania dodatkowych informacji na temat oferty<\/li>\n\n\n\n<li>komunikacji z u\u017cytkownikami strony internetowej, kt\u00f3rzy wype\u0142nili i wys\u0142ali formularz kontaktowy znajduj\u0105cy si\u0119 na stronie internetowej Administratora\u00a0https:\/\/apartiwanowski.pl\u00a0lub na dowolnej z podstron;<\/li>\n\n\n\n<li>wykonania umowy;\u00a0\u00a0<\/li>\n<\/ul>\n<\/li>\n\n\n\n<li>Twoje dane b\u0119d\u0105 przetwarzane nie d\u0142u\u017cej, ni\u017c jest to konieczne do udzielenia Ci odpowiedzi (realizuj\u0105c cel przetwarzania opisany w pkt. 4 lit. a powy\u017cej) oraz do czasu, do kt\u00f3rego b\u0119dziesz zainteresowany otrzymywaniem dodatkowych informacji. W pozosta\u0142ym zakresie Twoje dane przetwarzane b\u0119d\u0105 w\u00a0minimalnym zakresie przez czas, w kt\u00f3rym przepisy prawa nakazuj\u0105 przechowywanie danych, albo przez okres przedawnienia ewentualnych roszcze\u0144, do dochodzenia kt\u00f3rych konieczne jest dysponowanie danymi.\u00a0<\/li>\n\n\n\n<li>Podanie danych jest dobrowolne i umo\u017cliwia uzyskanie odpowiedzi na pytanie zadane przez formularz kontaktowy oraz udzielania dodatkowych informacji.<\/li>\n\n\n\n<li>W zwi\u0105zku z przetwarzaniem Twoich danych osobowych masz prawo do \u017c\u0105dania dost\u0119pu do swoich danych osobowych, ich sprostowania, usuni\u0119cia (bycia zapomnianym) lub ograniczenia przetwarzania, a tak\u017ce prawo wniesienia sprzeciwu wobec przetwarzania oraz prawo do przenoszenia swoich danych oraz wniesienia skargi do organu nadzorczego. W zakresie przetwarzania danych na podstawie art. 6 ust.1 lit. a) RODO masz prawo do cofni\u0119cia zgody w dowolnym momencie. Masz prawo sprzeciwu w dowolnym momencie, z przyczyn zwi\u0105zanych z Twoj\u0105 szczeg\u00f3ln\u0105 sytuacj\u0105, wobec przetwarzania danych na podstawie art. 6 ust. 1 lit. e) lub f) RODO, w tym profilowania.<\/li>\n\n\n\n<li>Twoje dane osobowe mog\u0105 by\u0107 przekazywane poza obszar Unii Europejskiej (np. do USA).\u00a0W tych przypadkach podmioty, z kt\u00f3rych us\u0142ug korzystamy przetwarzaj\u0105 Twoje dane osobowe poza Europejskim Obszarem Gospodarczym, ale ma to miejsce na podstawie tzw. standardowych klauzul umownych, postanowie\u0144 umowy zawartych mi\u0119dzy nami a podmiotami, z kt\u00f3rymi wsp\u00f3\u0142pracujemy m.in. Google, kt\u00f3re gwarantuj\u0105 adekwatny stopie\u0144 bezpiecznego przetwarzania Twoich danych osobowych. Co wi\u0119cej, identyfikatory i zastosowany poziom anonimizacji uniemo\u017cliwia Twoj\u0105 identyfikacj\u0119.<\/li>\n\n\n\n<li>Wykorzystujemy narz\u0119dzia analityczne Google Analytics, kt\u00f3re zbieraj\u0105 informacje na\u00a0temat Twoich odwiedzin strony, takie jak podstrony, kt\u00f3re wy\u015bwietli\u0142e\u015b, czas, jaki sp\u0119dzi\u0142e\u015b na\u00a0stronie czy przej\u015bcia pomi\u0119dzy poszczeg\u00f3lnymi podstronami. W tym celu wykorzystywane s\u0105\u00a0pliki cookies firmy Google LLC dotycz\u0105ce us\u0142ugi Google Analytics. W ramach Google Analytics zbieramy dane demograficzna oraz dane o zainteresowaniach. Dodatkowe informacje mo\u017cesz uzyska\u0107 na stornie:\u00a0https:\/\/support.google.com\/analytics#topic=10737980. Zapisywanie plik\u00f3w cookie w ramach Google Analytics oraz korzystanie z tego narz\u0119dzia \u015bledzenia odbywa si\u0119 na podstawie art. 6 ust. 1 lit. a RODO.\u00a0<\/li>\n\n\n\n<li>Administrator stosuje korzysta z piksela Facebooka. Ta technologia powoduje, \u017ce serwis Facebook (Facebook Inc. z siedzib\u0105 w USA) wie, \u017ce dana osoba w nim zarejestrowana korzysta z Serwisu. Bazuje w tym wypadku na danych, wobec kt\u00f3rych sam jest administratorem, Administrator nie przekazuje od siebie \u017cadnych dodatkowych danych osobowych serwisowi Facebook. Us\u0142uga bazuje na wykorzystaniu ciasteczek w urz\u0105dzeniu ko\u0144cowym u\u017cytkownika.<\/li>\n\n\n\n<li>Administrator danych zobowi\u0105zuje si\u0119 do zachowania najwy\u017cszej staranno\u015bci w celu ochrony prywatno\u015bci U\u017cytkownik\u00f3w Serwisu, przede wszystkim poprzez stosowanie wysokiej jako\u015bci zabezpiecze\u0144 technicznych chroni\u0105cych te dane przed dost\u0119pem os\u00f3b trzecich.\u00a0<\/li>\n\n\n\n<li>Wybrane metody ochrony danych stosowane przez Administratora\n<ul class=\"wp-block-list\">\n<li>Miejsca logowania i wprowadzania danych osobowych s\u0105 chronione w warstwie transmisji (certyfikat SSL). Dzi\u0119ki temu dane osobowe i dane logowania, wprowadzone na stronie, zostaj\u0105 zaszyfrowane w komputerze u\u017cytkownika i mog\u0105 by\u0107 odczytane jedynie na docelowym serwerze.<\/li>\n\n\n\n<li>Administrator okresowo zmienia swoje has\u0142a administracyjne.<\/li>\n\n\n\n<li>Istotnym elementem ochrony danych jest regularna aktualizacja wszelkiego oprogramowania, wykorzystywanego przez Administratora do przetwarzania danych osobowych, co w szczeg\u00f3lno\u015bci oznacza regularne aktualizacje komponent\u00f3w programistycznych.<\/li>\n<\/ul>\n<\/li>\n\n\n\n<li>Hosting \u2013 serwis jest hostowany (technicznie utrzymywany) na serwerach dhosting.<\/li>\n\n\n\n<li>Logi Administratora \u2013 informacje o zachowaniu u\u017cytkownik\u00f3w w serwisie mog\u0105 podlega\u0107 logowaniu. Dane te s\u0105 wykorzystywane w celu administrowania serwisem.<\/li>\n\n\n\n<li>Administrator danych, z wyj\u0105tkiem przypadk\u00f3w okre\u015blonych w odpowiednich przepisach prawa, zobowi\u0105zany jest nie udost\u0119pnia\u0107 Twoich danych osobom trzecim.\u00a0<\/li>\n\n\n\n<li>W zwi\u0105zku z realizacj\u0105 swoich praw i obowi\u0105zk\u00f3w Administrator mo\u017ce korzysta\u0107 z us\u0142ug podmiot\u00f3w przetwarzaj\u0105cych dane w jego imieniu. Podmioty wsp\u00f3\u0142pracuj\u0105ce w tym zakresie z\u00a0Administratorem zapewniaj\u0105 wystarczaj\u0105ce gwarancje wdro\u017cenia odpowiednich \u015brodk\u00f3w technicznych i organizacyjnych, by przetwarzanie spe\u0142nia\u0142o wymogi przepis\u00f3w prawnych, w\u00a0szczeg\u00f3lno\u015bci RODO i chroni\u0142o prawa os\u00f3b, kt\u00f3rych dane dotycz\u0105.\u00a0<\/li>\n\n\n\n<li>Administrator danych nie odpowiada za udost\u0119pnienie Twoich danych w wypadku, gdy do udost\u0119pnienia tego dosz\u0142o z Twojej winy lub na podstawie obowi\u0105zuj\u0105cych przepis\u00f3w prawa, tj. w\u00a0szczeg\u00f3lno\u015bci na podstawie \u017c\u0105dania uprawnionych organ\u00f3w pa\u0144stwa na potrzeby prowadzonych przez nie post\u0119powa\u0144.<\/li>\n<\/ol>\n\n\n\n<pre class=\"wp-block-verse\"><strong>Polityka dotycz\u0105ca cookies\u00a0<\/strong><\/pre>\n\n\n\n<pre class=\"wp-block-verse\">Nasz Serwis wykorzystuje pliki cookies oraz pliki podobne po to, by dostosowa\u0107 serwis do potrzeb u\u017cytkownik\u00f3w oraz w celach statystycznych. Cookies to niewielkie pliki tekstowe wysy\u0142ane przez serwis internetowy, kt\u00f3ry odwiedza internauta, do urz\u0105dzenia internauty. Cookies u\u017cywaj\u0105 te\u017c serwisy, do kt\u00f3rych si\u0119 odwo\u0142ujemy pokazuj\u0105c np. multimedia lub elementy serwis\u00f3w spo\u0142eczno\u015bciowych.&nbsp;<\/pre>\n\n\n\n<pre class=\"wp-block-verse\">Przegl\u0105darka internetowa mo\u017ce zmieni\u0107 ustawienia dotycz\u0105ce cookies. Brak zmiany tych ustawie\u0144 oznacza akceptacj\u0119 dla stosowanych tu cookies.&nbsp;<\/pre>\n\n\n\n<pre class=\"wp-block-verse\"><strong>Pliki cookies wykorzystywane przez serwis to:\u00a0<\/strong><\/pre>\n\n\n\n<ol class=\"wp-block-list\">\n<li>pliki wydajno\u015bciowe,\u00a0czyli s\u0142u\u017c\u0105ce do zbierania informacji o sposobie korzystania ze strony, by lepiej dzia\u0142a\u0142a,\u00a0<\/li>\n\n\n\n<li>pliki funkcjonalne, czyli pozwalaj\u0105ce \u201epami\u0119ta\u0107\u201d o ustawieniach u\u017cytkownika.\u00a0<\/li>\n\n\n\n<li>Pliki analityczne<\/li>\n<\/ol>\n\n\n\n<pre class=\"wp-block-verse\">Mo\u017cliwo\u015bci wy\u0142\u0105czenia stosowania plik\u00f3w cookies ustawia si\u0119 dzi\u0119ki przyciskowi widocznemu w lewym dolnym rogu strony, lub w przegl\u0105darce internetowej:&nbsp;<\/pre>\n\n\n\n<ul class=\"wp-block-list\">\n<li>Google Chrome:<\/li>\n<\/ul>\n\n\n\n<pre class=\"wp-block-verse\">Menu &gt; Ustawienia &gt; Zaawansowane &gt; Prywatno\u015b\u0107 &gt; Ustawienia witryn &gt; Pliki cookie \u2013 wybierz odpowiedni\u0105 opcj\u0119.<\/pre>\n\n\n\n<ul class=\"wp-block-list\">\n<li>Edge:<\/li>\n<\/ul>\n\n\n\n<pre class=\"wp-block-verse\">Menu &gt; Narz\u0119dzia &gt; Opcje internetowe &gt; Prywatno\u015b\u0107 \u2013 wybierz odpowiedni\u0105 opcj\u0119.<\/pre>\n\n\n\n<ul class=\"wp-block-list\">\n<li>Mozilla Firefox:<\/li>\n<\/ul>\n\n\n\n<pre class=\"wp-block-verse\">Menu &gt; Opcje &gt; Prywatno\u015b\u0107 &gt; Historia \u2013 wybierz odpowiedni\u0105 opcj\u0119.<\/pre>\n\n\n\n<ul class=\"wp-block-list\">\n<li>Opera:<\/li>\n<\/ul>\n\n\n\n<pre class=\"wp-block-verse\">Menu &gt; Preferencje &gt; Zaawansowane &gt; Pliki cookie \u2013 wybierz odpowiedni\u0105 opcj\u0119.<\/pre>\n\n\n\n<ul class=\"wp-block-list\">\n<li>Safari:<\/li>\n<\/ul>\n\n\n\n<pre class=\"wp-block-verse\">Menu &gt; Preferencje &gt; Prywatno\u015b\u0107 &gt; Pliki cookie \u2013 wybierz odpowiedni\u0105 opcj\u0119.<\/pre>\n\n\n\n<p><\/p>\n\n\n\n<pre class=\"wp-block-verse\">Poziom ochrony przed cookies mo\u017cna ustawi\u0107 w swojej przegl\u0105darce internetowej \u2013 w szczeg\u00f3lno\u015bci mo\u017cna ca\u0142kowicie zablokowa\u0107 pliki cookies. Zwi\u0119ksza to poziom bezpiecze\u0144stwa i ochrony danych, ale mo\u017ce tak\u017ce uniemo\u017cliwia\u0107 niekt\u00f3re funkcje, np. zalogowanie si\u0119 na konto pocztowe.&nbsp;<\/pre>\n\n\n\n<p><\/p>\n\n\n\n<pre class=\"wp-block-verse\"><strong>Uprawnienia osoby, kt\u00f3rej dane s\u0105 przetwarzane wynikaj\u0105ce z RODO:<\/strong><\/pre>\n\n\n\n<ol class=\"wp-block-list\">\n<li>Art. 6 ust. 3 RODO\u00a0\u2013 prawo do wycofania w dowolnym momencie zgody na\u00a0przetwarzanie danych osobowych; cofni\u0119cie zgody nie ma wp\u0142ywu na zgodno\u015b\u0107 z\u00a0prawem przetwarzania, kt\u00f3rego dokonano na podstawie zgody przed jej cofni\u0119ciem. Zgod\u0119 mo\u017cna wycofa\u0107 pisz\u0105c na adres e-mail :\u00a0 kontakt@apartiwanowski.pl.<\/li>\n\n\n\n<li>Art. 15 RODO\u00a0\u2013 prawo do uzyskania w okre\u015blonym tam zakresie informacji dotycz\u0105cych przetwarzanych przez nas Twoich danych osobowych;<\/li>\n\n\n\n<li>Art. 16 RODO\u00a0\u2013 prawo \u017c\u0105dania niezw\u0142ocznego sprostowania nieprawid\u0142owych danych osobowych lub uzupe\u0142nienia niekompletnych danych osobowych;<\/li>\n\n\n\n<li>Art. 17 RODO\u00a0\u2013 \u201eprawo do bycia zapomnianym\u201d, tj. prawo do \u017c\u0105dania usuni\u0119cia zebranych przez nas Twoich danych osobowych, o ile dalsze przetwarzanie nie jest konieczne, lub w innych okoliczno\u015bciach przewidzianych w tym przepisie;<\/li>\n\n\n\n<li>Art. 18 RODO\u00a0\u2013 prawo do \u017c\u0105dania ograniczenia przetwarzania Twoich danych osobowych,\u00a0je\u015bli:\n<ul class=\"wp-block-list\">\n<li>Kwestionujesz prawdziwo\u015b\u0107 danych osobowych;\n<ul class=\"wp-block-list\">\n<li>Przetwarzanie danych jest niezgodna z prawem, lecz nie \u017c\u0105dasz ich usuni\u0119cia;<\/li>\n\n\n\n<li>Administrator nie potrzebuje ju\u017c danych do cel\u00f3w przetwarzania, lecz s\u0105 one potrzebne Ci do ustalenia, dochodzenia lub obrony roszcze\u0144;<\/li>\n\n\n\n<li>Wnios\u0142e\u015b sprzeciw wobec przetwarzania Twoich danych \u2013 ograniczenie przetwarzania trwa\u0107 b\u0119dzie do czasu stwierdzenia, czy prawnie uzasadnione podstawy po stronie administratora s\u0105 nadrz\u0119dne wobec podstaw Twojego sprzeciwu;<\/li>\n<\/ul>\n<\/li>\n<\/ul>\n<\/li>\n\n\n\n<li>Art. 20 RODO\u00a0\u2013 masz prawo otrzyma\u0107 w ustrukturyzowanym, powszechnie u\u017cywanym formacie nadaj\u0105cym si\u0119 do odczytu maszynowego swoje dane osobowe, kt\u00f3re dostarczy\u0142e\u015b\/-a\u015b administratorowi, oraz masz prawo przes\u0142a\u0107 te dane osobowe innemu administratorowi bez przeszk\u00f3d naszej strony, je\u017celi:\n<ul class=\"wp-block-list\">\n<li>Przewarzanie Twoich danych wynika z Twojej zgody, udzielonej na podstawie art. 6 ust. 1 lit. a) lub art. 9 ust. 2 lit. a) RODO, lub na podstawie umowy, o\u00a0kt\u00f3rej mowa w art. 6 ust. 1 lit. b) RODO;\u00a0<\/li>\n\n\n\n<li>Przetwarzanie odbywa si\u0119 w spos\u00f3b zautomatyzowany;<\/li>\n<\/ul>\n<\/li>\n\n\n\n<li>Art. 77 RODO\u00a0\u2013 przys\u0142uguje Ci prawo do wniesienia skargi do organu nadzorczego, w\u00a0szczeg\u00f3lno\u015bci w pa\u0144stwie cz\u0142onkowskim swojego zwyk\u0142ego pobytu, swojego miejsca pracy lub miejsca pope\u0142nienia domniemanego naruszenia, je\u017celi s\u0105dzisz, \u017ce\u00a0przetwarzanie Twoich danych osobowych narusza RODO.\u00a0<\/li>\n<\/ol>\n\n\n\n<p><\/p>\n\n\n\n<pre class=\"wp-block-verse\"><strong>Skutki sprzeciwu<\/strong><\/pre>\n\n\n\n<div class=\"wp-block-group\"><div class=\"wp-block-group__inner-container is-layout-constrained wp-block-group-is-layout-constrained\">\n<pre class=\"wp-block-verse\">W przypadku wniesienia przez Ciebie sprzeciwu, zaprzestaniemy przetwarzania Twoich danych osobowych. Nie dotyczy to sytuacji, gdy zajd\u0105 istotne, wa\u017cne i prawnie uzasadnione podstawy,&nbsp; nadrz\u0119dne wobec Twoich interes\u00f3w, praw i wolno\u015bci, aby\u015bmy takie dane nadal przetwarzali. Nie&nbsp;dotyczy to r\u00f3wnie\u017c przetwarzania danych w celu ustalenia, dochodzenia lub obrony roszcze\u0144.<\/pre>\n<\/div><\/div>\n\n\n\n<p><\/p>\n\n\n\n<p><\/p>\n\n\n\n<p><\/p>\n","protected":false},"excerpt":{"rendered":"<p>Polityka dotycz\u0105ca cookies\u00a0 Nasz Serwis wykorzystuje pliki cookies oraz pliki podobne po to, by dostosowa\u0107 serwis do potrzeb u\u017cytkownik\u00f3w oraz w celach statystycznych. Cookies to niewielkie pliki tekstowe wysy\u0142ane przez serwis internetowy, kt\u00f3ry odwiedza internauta, do urz\u0105dzenia internauty. Cookies u\u017cywaj\u0105 te\u017c serwisy, do kt\u00f3rych si\u0119 odwo\u0142ujemy pokazuj\u0105c np. multimedia lub elementy serwis\u00f3w spo\u0142eczno\u015bciowych.&nbsp; Przegl\u0105darka internetowa [&hellip;]<\/p>\n","protected":false},"author":1,"featured_media":0,"parent":0,"menu_order":0,"comment_status":"closed","ping_status":"closed","template":"","meta":{"footnotes":""},"class_list":["post-871","page","type-page","status-publish","hentry"],"acf":[],"yoast_head":"<!-- This site is optimized with the Yoast SEO plugin v24.6 - https:\/\/yoast.com\/wordpress\/plugins\/seo\/ -->\n<title>Datenschutzerkl\u00e4rung - Apart Iwanowski<\/title>\n<meta name=\"description\" content=\"Ka\u017cda realizacja to nowa historia sukcesu\" \/>\n<meta name=\"robots\" content=\"index, follow, max-snippet:-1, max-image-preview:large, max-video-preview:-1\" \/>\n<link rel=\"canonical\" href=\"https:\/\/apartiwanowski.pl\/polityka-prywatnosci\/\" \/>\n<meta property=\"og:locale\" content=\"de_DE\" \/>\n<meta property=\"og:type\" content=\"article\" \/>\n<meta property=\"og:title\" content=\"Datenschutzerkl\u00e4rung - Apart Iwanowski\" \/>\n<meta property=\"og:description\" content=\"Ka\u017cda realizacja to nowa historia sukcesu\" \/>\n<meta property=\"og:url\" content=\"https:\/\/apartiwanowski.pl\/polityka-prywatnosci\/\" \/>\n<meta property=\"og:site_name\" content=\"Apart Iwanowski\" \/>\n<meta property=\"article:modified_time\" content=\"2025-02-26T12:41:33+00:00\" \/>\n<meta name=\"twitter:card\" content=\"summary_large_image\" \/>\n<meta name=\"twitter:label1\" content=\"Gesch\u00e4tzte Lesezeit\" \/>\n\t<meta name=\"twitter:data1\" content=\"8\u00a0Minuten\" \/>\n<script type=\"application\/ld+json\" class=\"yoast-schema-graph\">{\"@context\":\"https:\/\/schema.org\",\"@graph\":[{\"@type\":\"WebPage\",\"@id\":\"https:\/\/apartiwanowski.pl\/polityka-prywatnosci\/\",\"url\":\"https:\/\/apartiwanowski.pl\/polityka-prywatnosci\/\",\"name\":\"Datenschutzerkl\u00e4rung - Apart Iwanowski\",\"isPartOf\":{\"@id\":\"https:\/\/apartiwanowski.pl\/#website\"},\"datePublished\":\"2024-12-12T12:59:30+00:00\",\"dateModified\":\"2025-02-26T12:41:33+00:00\",\"description\":\"Ka\u017cda realizacja to nowa historia sukcesu\",\"breadcrumb\":{\"@id\":\"https:\/\/apartiwanowski.pl\/polityka-prywatnosci\/#breadcrumb\"},\"inLanguage\":\"de\",\"potentialAction\":[{\"@type\":\"ReadAction\",\"target\":[\"https:\/\/apartiwanowski.pl\/polityka-prywatnosci\/\"]}]},{\"@type\":\"BreadcrumbList\",\"@id\":\"https:\/\/apartiwanowski.pl\/polityka-prywatnosci\/#breadcrumb\",\"itemListElement\":[{\"@type\":\"ListItem\",\"position\":1,\"name\":\"Strona g\u0142\u00f3wna\",\"item\":\"https:\/\/apartiwanowski.pl\/de\/\"},{\"@type\":\"ListItem\",\"position\":2,\"name\":\"Datenschutzerkl\u00e4rung\"}]},{\"@type\":\"WebSite\",\"@id\":\"https:\/\/apartiwanowski.pl\/#website\",\"url\":\"https:\/\/apartiwanowski.pl\/\",\"name\":\"Apart Iwanowski\",\"description\":\"Ka\u017cda realizacja to nowa historia sukcesu\",\"potentialAction\":[{\"@type\":\"SearchAction\",\"target\":{\"@type\":\"EntryPoint\",\"urlTemplate\":\"https:\/\/apartiwanowski.pl\/?s={search_term_string}\"},\"query-input\":{\"@type\":\"PropertyValueSpecification\",\"valueRequired\":true,\"valueName\":\"search_term_string\"}}],\"inLanguage\":\"de\"}]}<\/script>\n<!-- \/ Yoast SEO plugin. -->","yoast_head_json":{"title":"Datenschutzerkl\u00e4rung - Apart Iwanowski","description":"Ka\u017cda realizacja to nowa historia sukcesu","robots":{"index":"index","follow":"follow","max-snippet":"max-snippet:-1","max-image-preview":"max-image-preview:large","max-video-preview":"max-video-preview:-1"},"canonical":"https:\/\/apartiwanowski.pl\/polityka-prywatnosci\/","og_locale":"de_DE","og_type":"article","og_title":"Datenschutzerkl\u00e4rung - Apart Iwanowski","og_description":"Ka\u017cda realizacja to nowa historia sukcesu","og_url":"https:\/\/apartiwanowski.pl\/polityka-prywatnosci\/","og_site_name":"Apart Iwanowski","article_modified_time":"2025-02-26T12:41:33+00:00","twitter_card":"summary_large_image","twitter_misc":{"Gesch\u00e4tzte Lesezeit":"8\u00a0Minuten"},"schema":{"@context":"https:\/\/schema.org","@graph":[{"@type":"WebPage","@id":"https:\/\/apartiwanowski.pl\/polityka-prywatnosci\/","url":"https:\/\/apartiwanowski.pl\/polityka-prywatnosci\/","name":"Datenschutzerkl\u00e4rung - Apart Iwanowski","isPartOf":{"@id":"https:\/\/apartiwanowski.pl\/#website"},"datePublished":"2024-12-12T12:59:30+00:00","dateModified":"2025-02-26T12:41:33+00:00","description":"Ka\u017cda realizacja to nowa historia sukcesu","breadcrumb":{"@id":"https:\/\/apartiwanowski.pl\/polityka-prywatnosci\/#breadcrumb"},"inLanguage":"de","potentialAction":[{"@type":"ReadAction","target":["https:\/\/apartiwanowski.pl\/polityka-prywatnosci\/"]}]},{"@type":"BreadcrumbList","@id":"https:\/\/apartiwanowski.pl\/polityka-prywatnosci\/#breadcrumb","itemListElement":[{"@type":"ListItem","position":1,"name":"Strona g\u0142\u00f3wna","item":"https:\/\/apartiwanowski.pl\/de\/"},{"@type":"ListItem","position":2,"name":"Datenschutzerkl\u00e4rung"}]},{"@type":"WebSite","@id":"https:\/\/apartiwanowski.pl\/#website","url":"https:\/\/apartiwanowski.pl\/","name":"Apart Iwanowski","description":"Ka\u017cda realizacja to nowa historia sukcesu","potentialAction":[{"@type":"SearchAction","target":{"@type":"EntryPoint","urlTemplate":"https:\/\/apartiwanowski.pl\/?s={search_term_string}"},"query-input":{"@type":"PropertyValueSpecification","valueRequired":true,"valueName":"search_term_string"}}],"inLanguage":"de"}]}},"_links":{"self":[{"href":"https:\/\/apartiwanowski.pl\/de\/wp-json\/wp\/v2\/pages\/871","targetHints":{"allow":["GET"]}}],"collection":[{"href":"https:\/\/apartiwanowski.pl\/de\/wp-json\/wp\/v2\/pages"}],"about":[{"href":"https:\/\/apartiwanowski.pl\/de\/wp-json\/wp\/v2\/types\/page"}],"author":[{"embeddable":true,"href":"https:\/\/apartiwanowski.pl\/de\/wp-json\/wp\/v2\/users\/1"}],"replies":[{"embeddable":true,"href":"https:\/\/apartiwanowski.pl\/de\/wp-json\/wp\/v2\/comments?post=871"}],"version-history":[{"count":1,"href":"https:\/\/apartiwanowski.pl\/de\/wp-json\/wp\/v2\/pages\/871\/revisions"}],"predecessor-version":[{"id":1224,"href":"https:\/\/apartiwanowski.pl\/de\/wp-json\/wp\/v2\/pages\/871\/revisions\/1224"}],"wp:attachment":[{"href":"https:\/\/apartiwanowski.pl\/de\/wp-json\/wp\/v2\/media?parent=871"}],"curies":[{"name":"wp","href":"https:\/\/api.w.org\/{rel}","templated":true}]}}